{"id":730,"date":"2026-02-11T14:08:58","date_gmt":"2026-02-11T13:08:58","guid":{"rendered":"https:\/\/fhu-frame.org\/care\/care-centers\/"},"modified":"2026-04-01T16:49:00","modified_gmt":"2026-04-01T14:49:00","slug":"care-centers","status":"publish","type":"page","link":"https:\/\/fhu-frame.org\/en\/care\/care-centers\/","title":{"rendered":"Care Centers"},"content":{"rendered":"\n<div class=\"wp-block-group alignfull has-background has-global-padding is-layout-constrained wp-container-core-group-is-layout-ea4eef27 wp-block-group-is-layout-constrained\" style=\"background:linear-gradient(90deg,rgb(69,135,196) 0%,rgb(69,135,196) 37%,rgb(248,197,46) 51%,rgb(227,6,19) 64%,rgb(227,6,19) 100%);min-height:0px;margin-bottom:var(--wp--preset--spacing--50);padding-right:0;padding-left:0\">\n<div class=\"wp-block-cover is-style-bannerFadeIn\" style=\"min-height:350px;aspect-ratio:unset;\"><img loading=\"lazy\" decoding=\"async\" width=\"1200\" height=\"350\" class=\"wp-block-cover__image-background wp-image-629 size-full\" alt=\"\" src=\"https:\/\/fhu-frame.org\/wp-content\/uploads\/2026\/02\/FHU-FRAME_Illustration_banniere_page_centres-soins.webp\" data-object-fit=\"cover\" srcset=\"https:\/\/fhu-frame.org\/wp-content\/uploads\/2026\/02\/FHU-FRAME_Illustration_banniere_page_centres-soins.webp 1200w, https:\/\/fhu-frame.org\/wp-content\/uploads\/2026\/02\/FHU-FRAME_Illustration_banniere_page_centres-soins-300x88.webp 300w, https:\/\/fhu-frame.org\/wp-content\/uploads\/2026\/02\/FHU-FRAME_Illustration_banniere_page_centres-soins-1024x299.webp 1024w, https:\/\/fhu-frame.org\/wp-content\/uploads\/2026\/02\/FHU-FRAME_Illustration_banniere_page_centres-soins-768x224.webp 768w\" sizes=\"auto, (max-width: 1200px) 100vw, 1200px\" \/><span aria-hidden=\"true\" class=\"wp-block-cover__background has-background-dim-0 has-background-dim\" style=\"background-color:#753e45\"><\/span><div class=\"wp-block-cover__inner-container has-global-padding is-layout-constrained wp-block-cover-is-layout-constrained\">\n<div class=\"wp-block-group alignwide has-base-color has-text-color has-link-color wp-elements-2d756ede1e19c94f8e17ae5cc5363ef3 is-layout-flow wp-block-group-is-layout-flow\" style=\"margin-top:0;margin-bottom:0;padding-top:0px\"><h2 style=\"font-style:normal;font-weight:900;line-height:2;\" class=\"has-text-align-center wp-block-post-title has-custom-2-font-size\">Care Centers<\/h2><\/div>\n<\/div><\/div>\n<\/div>\n\n<h2 class=\"wp-block-heading\">A hospital network of excellence for the management of endometriosis<\/h2>\n\n<p>FHU FRAME relies on a network of expert care centers located within the main university hospitals of the Paris region. These centers bring together multidisciplinary teams specialized in the management of endometriosis and adenomyosis, including gynecologists, radiologists, pain specialists, surgeons, reproductive medicine specialists, and biologists.<\/p>\n\n<p>This network enables coordinated care for patients, integrating diagnosis, medical and surgical treatment, fertility follow-up, and personalized support. It also provides an essential foundation for the development of the clinical and translational research conducted within FHU FRAME.<\/p>\n\n<p>Each year, these centers manage several thousand patients with endometriosis, including a high volume of specialized surgeries and assisted reproductive technology procedures, thereby ensuring recognized clinical expertise.<\/p>\n\n<h2 class=\"wp-block-heading\">A regional hospital network<\/h2>\n\n<p>The care centers involved in FHU FRAME belong to several hospital-university groups of the Assistance Publique \u2013 H\u00f4pitaux de Paris (AP-HP) and their academic partners.<\/p>\n\n<h3 class=\"wp-block-heading\">AP-HP Centre \u2013 Universit\u00e9 Paris Cit\u00e9<\/h3>\n\n<ul class=\"wp-block-list\">\n<li>Cochin\u2013Port-Royal Hospital (reference expert center)<\/li>\n\n\n\n<li>European Georges Pompidou Hospital<\/li>\n\n\n\n<li>H\u00f4tel-Dieu Hospital<\/li>\n\n\n\n<li>Necker\u2013Enfants Malades Hospital<\/li>\n<\/ul>\n\n<h3 class=\"wp-block-heading\">AP-HP Nord \u2013 Universit\u00e9 Paris Cit\u00e9<\/h3>\n\n<ul class=\"wp-block-list\">\n<li>Beaujon Hospital<\/li>\n\n\n\n<li>Bichat\u2013Claude Bernard Hospital<\/li>\n\n\n\n<li>Lariboisi\u00e8re Hospital<\/li>\n\n\n\n<li>Louis Mourier Hospital<\/li>\n\n\n\n<li>Robert-Debr\u00e9 Hospital<\/li>\n<\/ul>\n\n<h3 class=\"wp-block-heading\">AP-HP Sorbonne Universit\u00e9<\/h3>\n\n<ul class=\"wp-block-list\">\n<li>Tenon Hospital<\/li>\n\n\n\n<li>Armand-Trousseau Hospital<\/li>\n\n\n\n<li>Piti\u00e9-Salp\u00eatri\u00e8re Hospital<\/li>\n<\/ul>\n\n<h3 class=\"wp-block-heading\">AP-HP H\u00f4pitaux Universitaires Paris Seine-Saint-Denis<\/h3>\n\n<ul class=\"wp-block-list\">\n<li>Jean Verdier Hospital<\/li>\n<\/ul>\n\n<h3 class=\"wp-block-heading\">AP-HP Universit\u00e9 Paris-Saclay<\/h3>\n\n<ul class=\"wp-block-list\">\n<li>Antoine B\u00e9cl\u00e8re Hospital<\/li>\n\n\n\n<li>Bic\u00eatre Hospital<\/li>\n<\/ul>\n\n<h3 class=\"wp-block-heading\">Hospital partners<\/h3>\n\n<ul class=\"wp-block-list\">\n<li>Saint-Joseph Hospital (Paris)<\/li>\n<\/ul>\n\n<h2 class=\"wp-block-heading\">Multidisciplinary care<\/h2>\n\n<p>The FHU FRAME care centers offer comprehensive management based on a multidisciplinary approach including:<\/p>\n\n<ul class=\"wp-block-list\">\n<li>Specialized endometriosis consultations<\/li>\n\n\n\n<li>Expert pelvic imaging (MRI and specialized ultrasound)<\/li>\n\n\n\n<li>Complex gynecological and pelvic surgery<\/li>\n\n\n\n<li>Chronic pain management<\/li>\n\n\n\n<li>Reproductive medicine and fertility care<\/li>\n\n\n\n<li>Psychological follow-up and patient support<\/li>\n<\/ul>\n\n<p>This organization makes it possible to adapt the therapeutic strategy to each patient and to ensure a coordinated care pathway between the different specialists.<\/p>\n\n<h2 class=\"wp-block-heading\">A close link with research and innovation<\/h2>\n\n<p>The FHU FRAME care centers are closely connected to the consortium\u2019s research units and clinical investigation platforms. This organization promotes the development of innovative clinical studies, the evaluation of new therapeutic approaches, and the continuous improvement of patient care.<\/p>\n\n<p>Thanks to this structured hospital network, FHU FRAME now represents one of the leading centers of expertise in endometriosis and adenomyosis in France.<\/p>\n","protected":false},"excerpt":{"rendered":"<p>A hospital network of excellence for the management of endometriosis FHU FRAME relies on a network of expert care centers located within the main university hospitals of the Paris region. These centers bring together multidisciplinary teams specialized in the management of endometriosis and adenomyosis, including gynecologists, radiologists, pain specialists, surgeons, reproductive medicine specialists, and biologists. [&hellip;]<\/p>\n","protected":false},"author":1,"featured_media":0,"parent":728,"menu_order":0,"comment_status":"closed","ping_status":"closed","template":"page-no-title","meta":{"footnotes":""},"class_list":["post-730","page","type-page","status-publish","hentry"],"yoast_head":"<!-- This site is optimized with the Yoast SEO plugin v27.3 - https:\/\/yoast.com\/product\/yoast-seo-wordpress\/ -->\n<title>Care Centers - FHU FRAME<\/title>\n<meta name=\"description\" content=\"The FHU FRAME treatment centers provide patients with endometriosis with specialized and coordinated care.\" \/>\n<meta name=\"robots\" content=\"index, follow, max-snippet:-1, max-image-preview:large, max-video-preview:-1\" \/>\n<link rel=\"canonical\" href=\"https:\/\/fhu-frame.org\/en\/care\/care-centers\/\" \/>\n<meta property=\"og:locale\" content=\"en_US\" \/>\n<meta property=\"og:type\" content=\"article\" \/>\n<meta property=\"og:title\" content=\"Care Centers - FHU FRAME\" \/>\n<meta property=\"og:description\" content=\"The FHU FRAME treatment centers provide patients with endometriosis with specialized and coordinated care.\" \/>\n<meta property=\"og:url\" content=\"https:\/\/fhu-frame.org\/en\/care\/care-centers\/\" \/>\n<meta property=\"og:site_name\" content=\"FHU FRAME\" \/>\n<meta property=\"article:modified_time\" content=\"2026-04-01T14:49:00+00:00\" \/>\n<meta property=\"og:image\" content=\"https:\/\/fhu-frame.org\/wp-content\/uploads\/2026\/02\/FHU-FRAME_Illustration_banniere_page_centres-soins.webp\" \/>\n\t<meta property=\"og:image:width\" content=\"1200\" \/>\n\t<meta property=\"og:image:height\" content=\"350\" \/>\n\t<meta property=\"og:image:type\" content=\"image\/webp\" \/>\n<meta name=\"twitter:card\" content=\"summary_large_image\" \/>\n<meta name=\"twitter:label1\" content=\"Est. reading time\" \/>\n\t<meta name=\"twitter:data1\" content=\"2 minutes\" \/>\n<script type=\"application\/ld+json\" class=\"yoast-schema-graph\">{\"@context\":\"https:\\\/\\\/schema.org\",\"@graph\":[{\"@type\":\"WebPage\",\"@id\":\"https:\\\/\\\/fhu-frame.org\\\/en\\\/care\\\/care-centers\\\/\",\"url\":\"https:\\\/\\\/fhu-frame.org\\\/en\\\/care\\\/care-centers\\\/\",\"name\":\"Care Centers - FHU FRAME\",\"isPartOf\":{\"@id\":\"https:\\\/\\\/fhu-frame.org\\\/en\\\/#website\"},\"primaryImageOfPage\":{\"@id\":\"https:\\\/\\\/fhu-frame.org\\\/en\\\/care\\\/care-centers\\\/#primaryimage\"},\"image\":{\"@id\":\"https:\\\/\\\/fhu-frame.org\\\/en\\\/care\\\/care-centers\\\/#primaryimage\"},\"thumbnailUrl\":\"https:\\\/\\\/fhu-frame.org\\\/wp-content\\\/uploads\\\/2026\\\/02\\\/FHU-FRAME_Illustration_banniere_page_centres-soins.webp\",\"datePublished\":\"2026-02-11T13:08:58+00:00\",\"dateModified\":\"2026-04-01T14:49:00+00:00\",\"description\":\"The FHU FRAME treatment centers provide patients with endometriosis with specialized and coordinated care.\",\"breadcrumb\":{\"@id\":\"https:\\\/\\\/fhu-frame.org\\\/en\\\/care\\\/care-centers\\\/#breadcrumb\"},\"inLanguage\":\"en-US\",\"potentialAction\":[{\"@type\":\"ReadAction\",\"target\":[\"https:\\\/\\\/fhu-frame.org\\\/en\\\/care\\\/care-centers\\\/\"]}]},{\"@type\":\"ImageObject\",\"inLanguage\":\"en-US\",\"@id\":\"https:\\\/\\\/fhu-frame.org\\\/en\\\/care\\\/care-centers\\\/#primaryimage\",\"url\":\"https:\\\/\\\/fhu-frame.org\\\/wp-content\\\/uploads\\\/2026\\\/02\\\/FHU-FRAME_Illustration_banniere_page_centres-soins.webp\",\"contentUrl\":\"https:\\\/\\\/fhu-frame.org\\\/wp-content\\\/uploads\\\/2026\\\/02\\\/FHU-FRAME_Illustration_banniere_page_centres-soins.webp\"},{\"@type\":\"BreadcrumbList\",\"@id\":\"https:\\\/\\\/fhu-frame.org\\\/en\\\/care\\\/care-centers\\\/#breadcrumb\",\"itemListElement\":[{\"@type\":\"ListItem\",\"position\":1,\"name\":\"Accueil\",\"item\":\"https:\\\/\\\/fhu-frame.org\\\/en\\\/\"},{\"@type\":\"ListItem\",\"position\":2,\"name\":\"Care\",\"item\":\"https:\\\/\\\/fhu-frame.org\\\/en\\\/care\\\/\"},{\"@type\":\"ListItem\",\"position\":3,\"name\":\"Care Centers\"}]},{\"@type\":\"WebSite\",\"@id\":\"https:\\\/\\\/fhu-frame.org\\\/en\\\/#website\",\"url\":\"https:\\\/\\\/fhu-frame.org\\\/en\\\/\",\"name\":\"FHU FRAME\",\"description\":\"Finding Reliable Answers to Manage Endometriosis\",\"publisher\":{\"@id\":\"https:\\\/\\\/fhu-frame.org\\\/en\\\/#organization\"},\"alternateName\":\"FRAME\",\"potentialAction\":[{\"@type\":\"SearchAction\",\"target\":{\"@type\":\"EntryPoint\",\"urlTemplate\":\"https:\\\/\\\/fhu-frame.org\\\/en\\\/?s={search_term_string}\"},\"query-input\":{\"@type\":\"PropertyValueSpecification\",\"valueRequired\":true,\"valueName\":\"search_term_string\"}}],\"inLanguage\":\"en-US\"},{\"@type\":\"Organization\",\"@id\":\"https:\\\/\\\/fhu-frame.org\\\/en\\\/#organization\",\"name\":\"FHU FRAME\",\"url\":\"https:\\\/\\\/fhu-frame.org\\\/en\\\/\",\"logo\":{\"@type\":\"ImageObject\",\"inLanguage\":\"en-US\",\"@id\":\"https:\\\/\\\/fhu-frame.org\\\/en\\\/#\\\/schema\\\/logo\\\/image\\\/\",\"url\":\"https:\\\/\\\/fhu-frame.org\\\/wp-content\\\/uploads\\\/2026\\\/02\\\/Logo_FHU-FRAME_couleur_transparent.png\",\"contentUrl\":\"https:\\\/\\\/fhu-frame.org\\\/wp-content\\\/uploads\\\/2026\\\/02\\\/Logo_FHU-FRAME_couleur_transparent.png\",\"width\":243,\"height\":79,\"caption\":\"FHU FRAME\"},\"image\":{\"@id\":\"https:\\\/\\\/fhu-frame.org\\\/en\\\/#\\\/schema\\\/logo\\\/image\\\/\"},\"sameAs\":[\"https:\\\/\\\/www.linkedin.com\\\/company\\\/fhu-frame\\\/\",\"https:\\\/\\\/www.youtube.com\\\/@FHUFRAME\"]}]}<\/script>\n<!-- \/ Yoast SEO plugin. -->","yoast_head_json":{"title":"Care Centers - FHU FRAME","description":"The FHU FRAME treatment centers provide patients with endometriosis with specialized and coordinated care.","robots":{"index":"index","follow":"follow","max-snippet":"max-snippet:-1","max-image-preview":"max-image-preview:large","max-video-preview":"max-video-preview:-1"},"canonical":"https:\/\/fhu-frame.org\/en\/care\/care-centers\/","og_locale":"en_US","og_type":"article","og_title":"Care Centers - FHU FRAME","og_description":"The FHU FRAME treatment centers provide patients with endometriosis with specialized and coordinated care.","og_url":"https:\/\/fhu-frame.org\/en\/care\/care-centers\/","og_site_name":"FHU FRAME","article_modified_time":"2026-04-01T14:49:00+00:00","og_image":[{"width":1200,"height":350,"url":"https:\/\/fhu-frame.org\/wp-content\/uploads\/2026\/02\/FHU-FRAME_Illustration_banniere_page_centres-soins.webp","type":"image\/webp"}],"twitter_card":"summary_large_image","twitter_misc":{"Est. reading time":"2 minutes"},"schema":{"@context":"https:\/\/schema.org","@graph":[{"@type":"WebPage","@id":"https:\/\/fhu-frame.org\/en\/care\/care-centers\/","url":"https:\/\/fhu-frame.org\/en\/care\/care-centers\/","name":"Care Centers - FHU FRAME","isPartOf":{"@id":"https:\/\/fhu-frame.org\/en\/#website"},"primaryImageOfPage":{"@id":"https:\/\/fhu-frame.org\/en\/care\/care-centers\/#primaryimage"},"image":{"@id":"https:\/\/fhu-frame.org\/en\/care\/care-centers\/#primaryimage"},"thumbnailUrl":"https:\/\/fhu-frame.org\/wp-content\/uploads\/2026\/02\/FHU-FRAME_Illustration_banniere_page_centres-soins.webp","datePublished":"2026-02-11T13:08:58+00:00","dateModified":"2026-04-01T14:49:00+00:00","description":"The FHU FRAME treatment centers provide patients with endometriosis with specialized and coordinated care.","breadcrumb":{"@id":"https:\/\/fhu-frame.org\/en\/care\/care-centers\/#breadcrumb"},"inLanguage":"en-US","potentialAction":[{"@type":"ReadAction","target":["https:\/\/fhu-frame.org\/en\/care\/care-centers\/"]}]},{"@type":"ImageObject","inLanguage":"en-US","@id":"https:\/\/fhu-frame.org\/en\/care\/care-centers\/#primaryimage","url":"https:\/\/fhu-frame.org\/wp-content\/uploads\/2026\/02\/FHU-FRAME_Illustration_banniere_page_centres-soins.webp","contentUrl":"https:\/\/fhu-frame.org\/wp-content\/uploads\/2026\/02\/FHU-FRAME_Illustration_banniere_page_centres-soins.webp"},{"@type":"BreadcrumbList","@id":"https:\/\/fhu-frame.org\/en\/care\/care-centers\/#breadcrumb","itemListElement":[{"@type":"ListItem","position":1,"name":"Accueil","item":"https:\/\/fhu-frame.org\/en\/"},{"@type":"ListItem","position":2,"name":"Care","item":"https:\/\/fhu-frame.org\/en\/care\/"},{"@type":"ListItem","position":3,"name":"Care Centers"}]},{"@type":"WebSite","@id":"https:\/\/fhu-frame.org\/en\/#website","url":"https:\/\/fhu-frame.org\/en\/","name":"FHU FRAME","description":"Finding Reliable Answers to Manage Endometriosis","publisher":{"@id":"https:\/\/fhu-frame.org\/en\/#organization"},"alternateName":"FRAME","potentialAction":[{"@type":"SearchAction","target":{"@type":"EntryPoint","urlTemplate":"https:\/\/fhu-frame.org\/en\/?s={search_term_string}"},"query-input":{"@type":"PropertyValueSpecification","valueRequired":true,"valueName":"search_term_string"}}],"inLanguage":"en-US"},{"@type":"Organization","@id":"https:\/\/fhu-frame.org\/en\/#organization","name":"FHU FRAME","url":"https:\/\/fhu-frame.org\/en\/","logo":{"@type":"ImageObject","inLanguage":"en-US","@id":"https:\/\/fhu-frame.org\/en\/#\/schema\/logo\/image\/","url":"https:\/\/fhu-frame.org\/wp-content\/uploads\/2026\/02\/Logo_FHU-FRAME_couleur_transparent.png","contentUrl":"https:\/\/fhu-frame.org\/wp-content\/uploads\/2026\/02\/Logo_FHU-FRAME_couleur_transparent.png","width":243,"height":79,"caption":"FHU FRAME"},"image":{"@id":"https:\/\/fhu-frame.org\/en\/#\/schema\/logo\/image\/"},"sameAs":["https:\/\/www.linkedin.com\/company\/fhu-frame\/","https:\/\/www.youtube.com\/@FHUFRAME"]}]}},"_links":{"self":[{"href":"https:\/\/fhu-frame.org\/en\/wp-json\/wp\/v2\/pages\/730","targetHints":{"allow":["GET"]}}],"collection":[{"href":"https:\/\/fhu-frame.org\/en\/wp-json\/wp\/v2\/pages"}],"about":[{"href":"https:\/\/fhu-frame.org\/en\/wp-json\/wp\/v2\/types\/page"}],"author":[{"embeddable":true,"href":"https:\/\/fhu-frame.org\/en\/wp-json\/wp\/v2\/users\/1"}],"replies":[{"embeddable":true,"href":"https:\/\/fhu-frame.org\/en\/wp-json\/wp\/v2\/comments?post=730"}],"version-history":[{"count":1,"href":"https:\/\/fhu-frame.org\/en\/wp-json\/wp\/v2\/pages\/730\/revisions"}],"predecessor-version":[{"id":731,"href":"https:\/\/fhu-frame.org\/en\/wp-json\/wp\/v2\/pages\/730\/revisions\/731"}],"up":[{"embeddable":true,"href":"https:\/\/fhu-frame.org\/en\/wp-json\/wp\/v2\/pages\/728"}],"wp:attachment":[{"href":"https:\/\/fhu-frame.org\/en\/wp-json\/wp\/v2\/media?parent=730"}],"curies":[{"name":"wp","href":"https:\/\/api.w.org\/{rel}","templated":true}]}}